{"id":1446,"date":"2018-01-15T10:43:45","date_gmt":"2018-01-15T10:43:45","guid":{"rendered":"https:\/\/hobbiton.ee\/kontakt\/"},"modified":"2019-02-07T08:47:19","modified_gmt":"2019-02-07T08:47:19","slug":"contact","status":"publish","type":"page","link":"https:\/\/hobbiton.ee\/en\/contact\/","title":{"rendered":"Contact"},"content":{"rendered":"<p>Hobbiton Home O\u00dc<br \/>\nV\u00f5ru mnt.14, R\u00e4pina<\/p>\n<p>Telefon: +372 5050516<br \/>\nFax +372 7979340<\/p>\n","protected":false},"excerpt":{"rendered":"<p>Hobbiton Home O\u00dc V\u00f5ru mnt.14, R\u00e4pina Telefon: +372 5050516 Fax +372 7979340<\/p>\n","protected":false},"author":1,"featured_media":568,"parent":0,"menu_order":8,"comment_status":"closed","ping_status":"closed","template":"template-contact.php","meta":{"_acf_changed":false,"footnotes":""},"class_list":["post-1446","page","type-page","status-publish","has-post-thumbnail","hentry"],"acf":[],"_links":{"self":[{"href":"https:\/\/hobbiton.ee\/en\/wp-json\/wp\/v2\/pages\/1446","targetHints":{"allow":["GET"]}}],"collection":[{"href":"https:\/\/hobbiton.ee\/en\/wp-json\/wp\/v2\/pages"}],"about":[{"href":"https:\/\/hobbiton.ee\/en\/wp-json\/wp\/v2\/types\/page"}],"author":[{"embeddable":true,"href":"https:\/\/hobbiton.ee\/en\/wp-json\/wp\/v2\/users\/1"}],"replies":[{"embeddable":true,"href":"https:\/\/hobbiton.ee\/en\/wp-json\/wp\/v2\/comments?post=1446"}],"version-history":[{"count":4,"href":"https:\/\/hobbiton.ee\/en\/wp-json\/wp\/v2\/pages\/1446\/revisions"}],"predecessor-version":[{"id":1560,"href":"https:\/\/hobbiton.ee\/en\/wp-json\/wp\/v2\/pages\/1446\/revisions\/1560"}],"wp:featuredmedia":[{"embeddable":true,"href":"https:\/\/hobbiton.ee\/en\/wp-json\/wp\/v2\/media\/568"}],"wp:attachment":[{"href":"https:\/\/hobbiton.ee\/en\/wp-json\/wp\/v2\/media?parent=1446"}],"curies":[{"name":"wp","href":"https:\/\/api.w.org\/{rel}","templated":true}]}}